{"id":212,"date":"2024-04-21T09:01:44","date_gmt":"2024-04-21T09:01:44","guid":{"rendered":"https:\/\/distribucionesmaldonado.es\/?post_type=product&#038;p=212"},"modified":"2024-04-21T09:01:44","modified_gmt":"2024-04-21T09:01:44","slug":"celulosa-industrial","status":"publish","type":"product","link":"https:\/\/distribucionesmaldonado.es\/en\/papel-consumibles\/celulosa-industrial\/","title":{"rendered":"Celulosa Industrial"},"content":{"rendered":"","protected":false},"excerpt":{"rendered":"<p>Nuestra gama de celulosa industrial incluye fibra virgen y reciclada, ideal para la limpieza en entornos de trabajo profesionales.\u00a0 Tambi\u00e9n contamos con celulosa industrial azul de gran tama\u00f1o, ideal para el control de la contaminaci\u00f3n cruzada en el sector alimentario.<\/p>","protected":false},"featured_media":213,"template":"","meta":{"site-sidebar-layout":"default","site-content-layout":"","ast-site-content-layout":"default","site-content-style":"default","site-sidebar-style":"default","ast-global-header-display":"","ast-banner-title-visibility":"","ast-main-header-display":"","ast-hfb-above-header-display":"","ast-hfb-below-header-display":"","ast-hfb-mobile-header-display":"","site-post-title":"","ast-breadcrumbs-content":"","ast-featured-img":"","footer-sml-layout":"","ast-disable-related-posts":"","theme-transparent-header-meta":"default","adv-header-id-meta":"","stick-header-meta":"","header-above-stick-meta":"","header-main-stick-meta":"","header-below-stick-meta":"","astra-migrate-meta-layouts":"set","ast-page-background-enabled":"default","ast-page-background-meta":{"desktop":{"background-color":"var(--ast-global-color-4)","background-image":"","background-repeat":"repeat","background-position":"center center","background-size":"auto","background-attachment":"scroll","background-type":"","background-media":"","overlay-type":"","overlay-color":"","overlay-opacity":"","overlay-gradient":""},"tablet":{"background-color":"","background-image":"","background-repeat":"repeat","background-position":"center center","background-size":"auto","background-attachment":"scroll","background-type":"","background-media":"","overlay-type":"","overlay-color":"","overlay-opacity":"","overlay-gradient":""},"mobile":{"background-color":"","background-image":"","background-repeat":"repeat","background-position":"center center","background-size":"auto","background-attachment":"scroll","background-type":"","background-media":"","overlay-type":"","overlay-color":"","overlay-opacity":"","overlay-gradient":""}},"ast-content-background-meta":{"desktop":{"background-color":"var(--ast-global-color-5)","background-image":"","background-repeat":"repeat","background-position":"center center","background-size":"auto","background-attachment":"scroll","background-type":"","background-media":"","overlay-type":"","overlay-color":"","overlay-opacity":"","overlay-gradient":""},"tablet":{"background-color":"var(--ast-global-color-5)","background-image":"","background-repeat":"repeat","background-position":"center center","background-size":"auto","background-attachment":"scroll","background-type":"","background-media":"","overlay-type":"","overlay-color":"","overlay-opacity":"","overlay-gradient":""},"mobile":{"background-color":"var(--ast-global-color-5)","background-image":"","background-repeat":"repeat","background-position":"center center","background-size":"auto","background-attachment":"scroll","background-type":"","background-media":"","overlay-type":"","overlay-color":"","overlay-opacity":"","overlay-gradient":""}}},"product_brand":[],"product_cat":[22],"product_tag":[],"class_list":{"0":"post-212","1":"product","2":"type-product","3":"status-publish","4":"has-post-thumbnail","6":"product_cat-papel-consumibles","7":"desktop-align-left","8":"tablet-align-left","9":"mobile-align-left","11":"first","12":"instock","13":"shipping-taxable","14":"product-type-simple"},"yoast_head":"<!-- This site is optimized with the Yoast SEO plugin v27.4 - https:\/\/yoast.com\/product\/yoast-seo-wordpress\/ -->\n<title>Celulosa Industrial - Distribuciones Maldonado<\/title>\n<meta name=\"robots\" content=\"index, follow, max-snippet:-1, max-image-preview:large, max-video-preview:-1\" \/>\n<link rel=\"canonical\" href=\"https:\/\/distribucionesmaldonado.es\/en\/papel-consumibles\/celulosa-industrial\/\" \/>\n<meta property=\"og:locale\" content=\"en_GB\" \/>\n<meta property=\"og:type\" content=\"article\" \/>\n<meta property=\"og:title\" content=\"Celulosa Industrial - Distribuciones Maldonado\" \/>\n<meta property=\"og:description\" content=\"Nuestra gama de celulosa industrial incluye fibra virgen y reciclada, ideal para la limpieza en entornos de trabajo profesionales.\u00a0 Tambi\u00e9n contamos con celulosa industrial azul de gran tama\u00f1o, ideal para el control de la contaminaci\u00f3n cruzada en el sector alimentario.\" \/>\n<meta property=\"og:url\" content=\"https:\/\/distribucionesmaldonado.es\/en\/papel-consumibles\/celulosa-industrial\/\" \/>\n<meta property=\"og:site_name\" content=\"Distribuciones Maldonado\" \/>\n<meta property=\"og:image\" content=\"https:\/\/distribucionesmaldonado.es\/wp-content\/uploads\/papel-y-celulosa-hosteleria-granada-6.png\" \/>\n\t<meta property=\"og:image:width\" content=\"800\" \/>\n\t<meta property=\"og:image:height\" content=\"800\" \/>\n\t<meta property=\"og:image:type\" content=\"image\/png\" \/>\n<meta name=\"twitter:card\" content=\"summary_large_image\" \/>\n<meta name=\"twitter:label1\" content=\"Estimated reading time\" \/>\n\t<meta name=\"twitter:data1\" content=\"1 minute\" \/>\n<script type=\"application\/ld+json\" class=\"yoast-schema-graph\">{\"@context\":\"https:\\\/\\\/schema.org\",\"@graph\":[{\"@type\":\"WebPage\",\"@id\":\"https:\\\/\\\/distribucionesmaldonado.es\\\/papel-consumibles\\\/celulosa-industrial\\\/\",\"url\":\"https:\\\/\\\/distribucionesmaldonado.es\\\/papel-consumibles\\\/celulosa-industrial\\\/\",\"name\":\"Celulosa Industrial - Distribuciones Maldonado\",\"isPartOf\":{\"@id\":\"https:\\\/\\\/distribucionesmaldonado.es\\\/#website\"},\"primaryImageOfPage\":{\"@id\":\"https:\\\/\\\/distribucionesmaldonado.es\\\/papel-consumibles\\\/celulosa-industrial\\\/#primaryimage\"},\"image\":{\"@id\":\"https:\\\/\\\/distribucionesmaldonado.es\\\/papel-consumibles\\\/celulosa-industrial\\\/#primaryimage\"},\"thumbnailUrl\":\"https:\\\/\\\/distribucionesmaldonado.es\\\/wp-content\\\/uploads\\\/papel-y-celulosa-hosteleria-granada-6.png\",\"datePublished\":\"2024-04-21T09:01:44+00:00\",\"breadcrumb\":{\"@id\":\"https:\\\/\\\/distribucionesmaldonado.es\\\/papel-consumibles\\\/celulosa-industrial\\\/#breadcrumb\"},\"inLanguage\":\"en-GB\",\"potentialAction\":[{\"@type\":\"ReadAction\",\"target\":[\"https:\\\/\\\/distribucionesmaldonado.es\\\/papel-consumibles\\\/celulosa-industrial\\\/\"]}]},{\"@type\":\"ImageObject\",\"inLanguage\":\"en-GB\",\"@id\":\"https:\\\/\\\/distribucionesmaldonado.es\\\/papel-consumibles\\\/celulosa-industrial\\\/#primaryimage\",\"url\":\"https:\\\/\\\/distribucionesmaldonado.es\\\/wp-content\\\/uploads\\\/papel-y-celulosa-hosteleria-granada-6.png\",\"contentUrl\":\"https:\\\/\\\/distribucionesmaldonado.es\\\/wp-content\\\/uploads\\\/papel-y-celulosa-hosteleria-granada-6.png\",\"width\":800,\"height\":800},{\"@type\":\"BreadcrumbList\",\"@id\":\"https:\\\/\\\/distribucionesmaldonado.es\\\/papel-consumibles\\\/celulosa-industrial\\\/#breadcrumb\",\"itemListElement\":[{\"@type\":\"ListItem\",\"position\":1,\"name\":\"Portada\",\"item\":\"https:\\\/\\\/distribucionesmaldonado.es\\\/\"},{\"@type\":\"ListItem\",\"position\":2,\"name\":\"Tienda\",\"item\":\"https:\\\/\\\/distribucionesmaldonado.es\\\/tienda\\\/\"},{\"@type\":\"ListItem\",\"position\":3,\"name\":\"Celulosa Industrial\"}]},{\"@type\":\"WebSite\",\"@id\":\"https:\\\/\\\/distribucionesmaldonado.es\\\/#website\",\"url\":\"https:\\\/\\\/distribucionesmaldonado.es\\\/\",\"name\":\"Distribuciones Maldonado\",\"description\":\"\",\"potentialAction\":[{\"@type\":\"SearchAction\",\"target\":{\"@type\":\"EntryPoint\",\"urlTemplate\":\"https:\\\/\\\/distribucionesmaldonado.es\\\/?s={search_term_string}\"},\"query-input\":{\"@type\":\"PropertyValueSpecification\",\"valueRequired\":true,\"valueName\":\"search_term_string\"}}],\"inLanguage\":\"en-GB\"}]}<\/script>\n<!-- \/ Yoast SEO plugin. -->","yoast_head_json":{"title":"Celulosa Industrial - Distribuciones Maldonado","robots":{"index":"index","follow":"follow","max-snippet":"max-snippet:-1","max-image-preview":"max-image-preview:large","max-video-preview":"max-video-preview:-1"},"canonical":"https:\/\/distribucionesmaldonado.es\/en\/papel-consumibles\/celulosa-industrial\/","og_locale":"en_GB","og_type":"article","og_title":"Celulosa Industrial - Distribuciones Maldonado","og_description":"Nuestra gama de celulosa industrial incluye fibra virgen y reciclada, ideal para la limpieza en entornos de trabajo profesionales.\u00a0 Tambi\u00e9n contamos con celulosa industrial azul de gran tama\u00f1o, ideal para el control de la contaminaci\u00f3n cruzada en el sector alimentario.","og_url":"https:\/\/distribucionesmaldonado.es\/en\/papel-consumibles\/celulosa-industrial\/","og_site_name":"Distribuciones Maldonado","og_image":[{"width":800,"height":800,"url":"https:\/\/distribucionesmaldonado.es\/wp-content\/uploads\/papel-y-celulosa-hosteleria-granada-6.png","type":"image\/png"}],"twitter_card":"summary_large_image","twitter_misc":{"Estimated reading time":"1 minute"},"schema":{"@context":"https:\/\/schema.org","@graph":[{"@type":"WebPage","@id":"https:\/\/distribucionesmaldonado.es\/papel-consumibles\/celulosa-industrial\/","url":"https:\/\/distribucionesmaldonado.es\/papel-consumibles\/celulosa-industrial\/","name":"Celulosa Industrial - Distribuciones Maldonado","isPartOf":{"@id":"https:\/\/distribucionesmaldonado.es\/#website"},"primaryImageOfPage":{"@id":"https:\/\/distribucionesmaldonado.es\/papel-consumibles\/celulosa-industrial\/#primaryimage"},"image":{"@id":"https:\/\/distribucionesmaldonado.es\/papel-consumibles\/celulosa-industrial\/#primaryimage"},"thumbnailUrl":"https:\/\/distribucionesmaldonado.es\/wp-content\/uploads\/papel-y-celulosa-hosteleria-granada-6.png","datePublished":"2024-04-21T09:01:44+00:00","breadcrumb":{"@id":"https:\/\/distribucionesmaldonado.es\/papel-consumibles\/celulosa-industrial\/#breadcrumb"},"inLanguage":"en-GB","potentialAction":[{"@type":"ReadAction","target":["https:\/\/distribucionesmaldonado.es\/papel-consumibles\/celulosa-industrial\/"]}]},{"@type":"ImageObject","inLanguage":"en-GB","@id":"https:\/\/distribucionesmaldonado.es\/papel-consumibles\/celulosa-industrial\/#primaryimage","url":"https:\/\/distribucionesmaldonado.es\/wp-content\/uploads\/papel-y-celulosa-hosteleria-granada-6.png","contentUrl":"https:\/\/distribucionesmaldonado.es\/wp-content\/uploads\/papel-y-celulosa-hosteleria-granada-6.png","width":800,"height":800},{"@type":"BreadcrumbList","@id":"https:\/\/distribucionesmaldonado.es\/papel-consumibles\/celulosa-industrial\/#breadcrumb","itemListElement":[{"@type":"ListItem","position":1,"name":"Portada","item":"https:\/\/distribucionesmaldonado.es\/"},{"@type":"ListItem","position":2,"name":"Tienda","item":"https:\/\/distribucionesmaldonado.es\/tienda\/"},{"@type":"ListItem","position":3,"name":"Celulosa Industrial"}]},{"@type":"WebSite","@id":"https:\/\/distribucionesmaldonado.es\/#website","url":"https:\/\/distribucionesmaldonado.es\/","name":"Distribuciones Maldonado","description":"","potentialAction":[{"@type":"SearchAction","target":{"@type":"EntryPoint","urlTemplate":"https:\/\/distribucionesmaldonado.es\/?s={search_term_string}"},"query-input":{"@type":"PropertyValueSpecification","valueRequired":true,"valueName":"search_term_string"}}],"inLanguage":"en-GB"}]}},"_links":{"self":[{"href":"https:\/\/distribucionesmaldonado.es\/en\/wp-json\/wp\/v2\/product\/212","targetHints":{"allow":["GET"]}}],"collection":[{"href":"https:\/\/distribucionesmaldonado.es\/en\/wp-json\/wp\/v2\/product"}],"about":[{"href":"https:\/\/distribucionesmaldonado.es\/en\/wp-json\/wp\/v2\/types\/product"}],"wp:featuredmedia":[{"embeddable":true,"href":"https:\/\/distribucionesmaldonado.es\/en\/wp-json\/wp\/v2\/media\/213"}],"wp:attachment":[{"href":"https:\/\/distribucionesmaldonado.es\/en\/wp-json\/wp\/v2\/media?parent=212"}],"wp:term":[{"taxonomy":"product_brand","embeddable":true,"href":"https:\/\/distribucionesmaldonado.es\/en\/wp-json\/wp\/v2\/product_brand?post=212"},{"taxonomy":"product_cat","embeddable":true,"href":"https:\/\/distribucionesmaldonado.es\/en\/wp-json\/wp\/v2\/product_cat?post=212"},{"taxonomy":"product_tag","embeddable":true,"href":"https:\/\/distribucionesmaldonado.es\/en\/wp-json\/wp\/v2\/product_tag?post=212"}],"curies":[{"name":"wp","href":"https:\/\/api.w.org\/{rel}","templated":true}]}}